{"id":1569,"date":"2024-10-16T17:50:02","date_gmt":"2024-10-16T15:50:02","guid":{"rendered":"http:\/\/lyoubouzonsimonet.com\/?page_id=1569"},"modified":"2024-10-16T17:51:27","modified_gmt":"2024-10-16T15:51:27","slug":"oiseau-de-nuit","status":"publish","type":"page","link":"http:\/\/lyoubouzonsimonet.com\/index.php\/oiseau-de-nuit\/","title":{"rendered":"Oiseau de nuit"},"content":{"rendered":"\n<figure class=\"wp-block-gallery has-nested-images columns-default is-cropped wp-block-gallery-1 is-layout-flex wp-block-gallery-is-layout-flex\">\n<figure class=\"wp-block-image size-large\"><img loading=\"lazy\" decoding=\"async\" width=\"1024\" height=\"1024\" data-id=\"1571\" src=\"http:\/\/lyoubouzonsimonet.com\/wp-content\/uploads\/2024\/10\/DD34CC67-1B9D-45AD-86CE-2BD809CB5622DSC07986-Edit-1024x1024.jpg\" alt=\"\" class=\"wp-image-1571\" srcset=\"http:\/\/lyoubouzonsimonet.com\/wp-content\/uploads\/2024\/10\/DD34CC67-1B9D-45AD-86CE-2BD809CB5622DSC07986-Edit-1024x1024.jpg 1024w, http:\/\/lyoubouzonsimonet.com\/wp-content\/uploads\/2024\/10\/DD34CC67-1B9D-45AD-86CE-2BD809CB5622DSC07986-Edit-300x300.jpg 300w, http:\/\/lyoubouzonsimonet.com\/wp-content\/uploads\/2024\/10\/DD34CC67-1B9D-45AD-86CE-2BD809CB5622DSC07986-Edit-150x150.jpg 150w, http:\/\/lyoubouzonsimonet.com\/wp-content\/uploads\/2024\/10\/DD34CC67-1B9D-45AD-86CE-2BD809CB5622DSC07986-Edit-768x768.jpg 768w, http:\/\/lyoubouzonsimonet.com\/wp-content\/uploads\/2024\/10\/DD34CC67-1B9D-45AD-86CE-2BD809CB5622DSC07986-Edit-1536x1536.jpg 1536w, http:\/\/lyoubouzonsimonet.com\/wp-content\/uploads\/2024\/10\/DD34CC67-1B9D-45AD-86CE-2BD809CB5622DSC07986-Edit-2048x2048.jpg 2048w\" sizes=\"auto, (max-width: 1024px) 100vw, 1024px\" \/><\/figure>\n\n\n\n<figure class=\"wp-block-image size-large\"><img loading=\"lazy\" decoding=\"async\" width=\"1024\" height=\"1024\" data-id=\"1572\" src=\"http:\/\/lyoubouzonsimonet.com\/wp-content\/uploads\/2024\/10\/8B980214-0D89-4A05-8F70-59FB36EC2F5FDSC07377-Edit-1024x1024.jpg\" alt=\"\" class=\"wp-image-1572\" srcset=\"http:\/\/lyoubouzonsimonet.com\/wp-content\/uploads\/2024\/10\/8B980214-0D89-4A05-8F70-59FB36EC2F5FDSC07377-Edit-1024x1024.jpg 1024w, http:\/\/lyoubouzonsimonet.com\/wp-content\/uploads\/2024\/10\/8B980214-0D89-4A05-8F70-59FB36EC2F5FDSC07377-Edit-300x300.jpg 300w, http:\/\/lyoubouzonsimonet.com\/wp-content\/uploads\/2024\/10\/8B980214-0D89-4A05-8F70-59FB36EC2F5FDSC07377-Edit-150x150.jpg 150w, http:\/\/lyoubouzonsimonet.com\/wp-content\/uploads\/2024\/10\/8B980214-0D89-4A05-8F70-59FB36EC2F5FDSC07377-Edit-768x768.jpg 768w, http:\/\/lyoubouzonsimonet.com\/wp-content\/uploads\/2024\/10\/8B980214-0D89-4A05-8F70-59FB36EC2F5FDSC07377-Edit-1536x1536.jpg 1536w, http:\/\/lyoubouzonsimonet.com\/wp-content\/uploads\/2024\/10\/8B980214-0D89-4A05-8F70-59FB36EC2F5FDSC07377-Edit-2048x2048.jpg 2048w\" sizes=\"auto, (max-width: 1024px) 100vw, 1024px\" \/><\/figure>\n<\/figure>\n\n\n\n<figure class=\"wp-block-gallery has-nested-images columns-default is-cropped wp-block-gallery-2 is-layout-flex wp-block-gallery-is-layout-flex\">\n<figure class=\"wp-block-image size-large\"><img loading=\"lazy\" decoding=\"async\" width=\"1024\" height=\"1024\" data-id=\"1575\" src=\"http:\/\/lyoubouzonsimonet.com\/wp-content\/uploads\/2024\/10\/D5543181-DE18-4D4D-B86B-36E1D7C2C48DDSC07066-Edit-Edit-Edit-1-1024x1024.jpg\" alt=\"\" class=\"wp-image-1575\" srcset=\"http:\/\/lyoubouzonsimonet.com\/wp-content\/uploads\/2024\/10\/D5543181-DE18-4D4D-B86B-36E1D7C2C48DDSC07066-Edit-Edit-Edit-1-1024x1024.jpg 1024w, http:\/\/lyoubouzonsimonet.com\/wp-content\/uploads\/2024\/10\/D5543181-DE18-4D4D-B86B-36E1D7C2C48DDSC07066-Edit-Edit-Edit-1-300x300.jpg 300w, http:\/\/lyoubouzonsimonet.com\/wp-content\/uploads\/2024\/10\/D5543181-DE18-4D4D-B86B-36E1D7C2C48DDSC07066-Edit-Edit-Edit-1-150x150.jpg 150w, http:\/\/lyoubouzonsimonet.com\/wp-content\/uploads\/2024\/10\/D5543181-DE18-4D4D-B86B-36E1D7C2C48DDSC07066-Edit-Edit-Edit-1-768x768.jpg 768w, http:\/\/lyoubouzonsimonet.com\/wp-content\/uploads\/2024\/10\/D5543181-DE18-4D4D-B86B-36E1D7C2C48DDSC07066-Edit-Edit-Edit-1-1536x1536.jpg 1536w, http:\/\/lyoubouzonsimonet.com\/wp-content\/uploads\/2024\/10\/D5543181-DE18-4D4D-B86B-36E1D7C2C48DDSC07066-Edit-Edit-Edit-1-2048x2048.jpg 2048w\" sizes=\"auto, (max-width: 1024px) 100vw, 1024px\" \/><\/figure>\n\n\n\n<figure class=\"wp-block-image size-large\"><img loading=\"lazy\" decoding=\"async\" width=\"1024\" height=\"1024\" data-id=\"1574\" src=\"http:\/\/lyoubouzonsimonet.com\/wp-content\/uploads\/2024\/10\/Image-WebP-1024x1024.jpg\" alt=\"\" class=\"wp-image-1574\" srcset=\"http:\/\/lyoubouzonsimonet.com\/wp-content\/uploads\/2024\/10\/Image-WebP-1024x1024.jpg 1024w, http:\/\/lyoubouzonsimonet.com\/wp-content\/uploads\/2024\/10\/Image-WebP-300x300.jpg 300w, http:\/\/lyoubouzonsimonet.com\/wp-content\/uploads\/2024\/10\/Image-WebP-150x150.jpg 150w, http:\/\/lyoubouzonsimonet.com\/wp-content\/uploads\/2024\/10\/Image-WebP-768x769.jpg 768w, http:\/\/lyoubouzonsimonet.com\/wp-content\/uploads\/2024\/10\/Image-WebP-1534x1536.jpg 1534w, http:\/\/lyoubouzonsimonet.com\/wp-content\/uploads\/2024\/10\/Image-WebP.jpg 1566w\" sizes=\"auto, (max-width: 1024px) 100vw, 1024px\" \/><\/figure>\n<\/figure>\n\n\n\n<figure class=\"wp-block-gallery has-nested-images columns-default is-cropped wp-block-gallery-3 is-layout-flex wp-block-gallery-is-layout-flex\">\n<figure class=\"wp-block-image size-large\"><img loading=\"lazy\" decoding=\"async\" width=\"819\" height=\"1024\" data-id=\"1578\" src=\"http:\/\/lyoubouzonsimonet.com\/wp-content\/uploads\/2024\/10\/4C1AF384-00B3-4DF4-BD08-C1B0E3469718-1-819x1024.jpg\" alt=\"\" class=\"wp-image-1578\" srcset=\"http:\/\/lyoubouzonsimonet.com\/wp-content\/uploads\/2024\/10\/4C1AF384-00B3-4DF4-BD08-C1B0E3469718-1-819x1024.jpg 819w, http:\/\/lyoubouzonsimonet.com\/wp-content\/uploads\/2024\/10\/4C1AF384-00B3-4DF4-BD08-C1B0E3469718-1-240x300.jpg 240w, http:\/\/lyoubouzonsimonet.com\/wp-content\/uploads\/2024\/10\/4C1AF384-00B3-4DF4-BD08-C1B0E3469718-1-768x960.jpg 768w, http:\/\/lyoubouzonsimonet.com\/wp-content\/uploads\/2024\/10\/4C1AF384-00B3-4DF4-BD08-C1B0E3469718-1-1229x1536.jpg 1229w, http:\/\/lyoubouzonsimonet.com\/wp-content\/uploads\/2024\/10\/4C1AF384-00B3-4DF4-BD08-C1B0E3469718-1-1639x2048.jpg 1639w, http:\/\/lyoubouzonsimonet.com\/wp-content\/uploads\/2024\/10\/4C1AF384-00B3-4DF4-BD08-C1B0E3469718-1-scaled.jpg 2048w\" sizes=\"auto, (max-width: 819px) 100vw, 819px\" \/><\/figure>\n\n\n\n<figure class=\"wp-block-image size-large\"><img loading=\"lazy\" decoding=\"async\" width=\"819\" height=\"1024\" data-id=\"1577\" src=\"http:\/\/lyoubouzonsimonet.com\/wp-content\/uploads\/2024\/10\/C9932BED-4399-4602-9E0E-1572244469C4DSC07497-Edit-1-819x1024.jpg\" alt=\"\" class=\"wp-image-1577\" srcset=\"http:\/\/lyoubouzonsimonet.com\/wp-content\/uploads\/2024\/10\/C9932BED-4399-4602-9E0E-1572244469C4DSC07497-Edit-1-819x1024.jpg 819w, http:\/\/lyoubouzonsimonet.com\/wp-content\/uploads\/2024\/10\/C9932BED-4399-4602-9E0E-1572244469C4DSC07497-Edit-1-240x300.jpg 240w, http:\/\/lyoubouzonsimonet.com\/wp-content\/uploads\/2024\/10\/C9932BED-4399-4602-9E0E-1572244469C4DSC07497-Edit-1-768x960.jpg 768w, http:\/\/lyoubouzonsimonet.com\/wp-content\/uploads\/2024\/10\/C9932BED-4399-4602-9E0E-1572244469C4DSC07497-Edit-1-1229x1536.jpg 1229w, http:\/\/lyoubouzonsimonet.com\/wp-content\/uploads\/2024\/10\/C9932BED-4399-4602-9E0E-1572244469C4DSC07497-Edit-1-1638x2048.jpg 1638w, http:\/\/lyoubouzonsimonet.com\/wp-content\/uploads\/2024\/10\/C9932BED-4399-4602-9E0E-1572244469C4DSC07497-Edit-1.jpg 1768w\" sizes=\"auto, (max-width: 819px) 100vw, 819px\" \/><\/figure>\n<\/figure>\n\n\n\n<p class=\"has-black-color has-text-color has-link-color wp-elements-750d50b95d8b830498c3954e96add6bd\">Je me repr\u00e9sente le trac\u00e9 d\u2019une ligne sur laquelle \u00e9crire, une branche depuis laquelle crier, ou bien encore les fronti\u00e8res de l\u2019autre que j\u2019inonde.&nbsp;<\/p>\n\n\n\n<p class=\"has-black-color has-text-color has-link-color wp-elements-cccf3339ed08af1f12c1ae2c9ad15a3b\">Pourtant, je cherche mes mots quand on me demande ce que je fais. Je n\u2019ai qu\u2019\u00e0 prononcer le mot pole dance pour que tout le monde s\u2019imagine savoir qui je suis.<\/p>\n\n\n\n<p class=\"has-black-color has-text-color has-link-color wp-elements-9ce0a704f89f8e14510c689ed5f8b1a6\">Alors, mon arrogance s\u2019anime.&nbsp;<br>Moi je ne vole pas, je grimpe.&nbsp;<br>Je ne danse pas, je frappe du poing.<\/p>\n\n\n\n<p class=\"has-black-color has-text-color has-link-color wp-elements-14df53ce4cf8cba99e910da8fb16ba16\">Or si je peins des ailes sur mes muscles, n\u2019est-ce pas qu\u2019il m\u2019arrive encore de c\u00e9der \u00e0 l\u2019envie de plaire ?<\/p>\n\n\n\n<p class=\"has-black-color has-text-color has-link-color wp-elements-4a36b13d694bf9e77919598140b0ed62\">Depuis combien de temps je suis perch\u00e9e l\u00e0, \u00e0 l\u2019aube de mes r\u00eaves \u2014 comme une oiseau sans ailes, tomb\u00e9e du ciel ; viss\u00e9e au plafond, donn\u00e9e aux poissons \u2014 ?&nbsp;<\/p>\n\n\n\n<p class=\"has-black-color has-text-color has-link-color wp-elements-3bd4e440bc9e4cc6c98162612a70c6e2\">Oiseau de nuit, je d\u00e9joue l\u2019\u00e9quilibre, creusant le bleu d\u2019un sillon, au bout duquel, peut-\u00eatre, on m\u2019ouvrira les portes du jour.<\/p>\n\n\n\n<figure class=\"wp-block-image size-large\"><img loading=\"lazy\" decoding=\"async\" width=\"1024\" height=\"401\" src=\"http:\/\/lyoubouzonsimonet.com\/wp-content\/uploads\/2024\/10\/971713C0-2247-4F88-9CD9-91823ABDE5D0DSC07266-Edit-1024x401.jpeg\" alt=\"\" class=\"wp-image-1579\" srcset=\"http:\/\/lyoubouzonsimonet.com\/wp-content\/uploads\/2024\/10\/971713C0-2247-4F88-9CD9-91823ABDE5D0DSC07266-Edit-1024x401.jpeg 1024w, http:\/\/lyoubouzonsimonet.com\/wp-content\/uploads\/2024\/10\/971713C0-2247-4F88-9CD9-91823ABDE5D0DSC07266-Edit-300x117.jpeg 300w, http:\/\/lyoubouzonsimonet.com\/wp-content\/uploads\/2024\/10\/971713C0-2247-4F88-9CD9-91823ABDE5D0DSC07266-Edit-768x301.jpeg 768w, http:\/\/lyoubouzonsimonet.com\/wp-content\/uploads\/2024\/10\/971713C0-2247-4F88-9CD9-91823ABDE5D0DSC07266-Edit-1536x601.jpeg 1536w, http:\/\/lyoubouzonsimonet.com\/wp-content\/uploads\/2024\/10\/971713C0-2247-4F88-9CD9-91823ABDE5D0DSC07266-Edit-2048x802.jpeg 2048w\" sizes=\"auto, (max-width: 1024px) 100vw, 1024px\" \/><\/figure>\n\n\n\n<p class=\"has-black-color has-text-color has-link-color wp-elements-614b3d8ff7e8892a5d22290f06edebaa\">DA :&nbsp;<a href=\"https:\/\/www.instagram.com\/lucelapotre\/\">@lucelapotre<\/a>&nbsp;&amp;&nbsp;<a href=\"https:\/\/www.instagram.com\/lyou.bou\/\">@lyou.bou<\/a><br>Stylisme :&nbsp;<a href=\"https:\/\/www.instagram.com\/lucelapotre\/\">@lucelapotre<\/a><br>Photographe :&nbsp;<a href=\"https:\/\/www.instagram.com\/daliughetto\/\">@daliughetto<\/a><\/p>\n\n\n\n<p><\/p>\n","protected":false},"excerpt":{"rendered":"<p>Je me repr\u00e9sente le trac\u00e9 d\u2019une ligne sur laquelle \u00e9crire, une branche depuis laquelle crier, ou bien encore les fronti\u00e8res de l\u2019autre que j\u2019inonde.&nbsp; Pourtant, je cherche mes mots quand on me demande ce que je fais. Je n\u2019ai qu\u2019\u00e0 prononcer le mot pole dance pour que tout le monde s\u2019imagine savoir qui je suis.<\/p>\n<div><a class=\"btn-filled btn\" href=\"http:\/\/lyoubouzonsimonet.com\/index.php\/oiseau-de-nuit\/\" title=\"Oiseau de nuit\">Read More<\/a><\/div>\n","protected":false},"author":1,"featured_media":0,"parent":0,"menu_order":0,"comment_status":"closed","ping_status":"closed","template":"","meta":{"spay_email":"","footnotes":""},"class_list":["post-1569","page","type-page","status-publish","hentry"],"_links":{"self":[{"href":"http:\/\/lyoubouzonsimonet.com\/index.php\/wp-json\/wp\/v2\/pages\/1569","targetHints":{"allow":["GET"]}}],"collection":[{"href":"http:\/\/lyoubouzonsimonet.com\/index.php\/wp-json\/wp\/v2\/pages"}],"about":[{"href":"http:\/\/lyoubouzonsimonet.com\/index.php\/wp-json\/wp\/v2\/types\/page"}],"author":[{"embeddable":true,"href":"http:\/\/lyoubouzonsimonet.com\/index.php\/wp-json\/wp\/v2\/users\/1"}],"replies":[{"embeddable":true,"href":"http:\/\/lyoubouzonsimonet.com\/index.php\/wp-json\/wp\/v2\/comments?post=1569"}],"version-history":[{"count":2,"href":"http:\/\/lyoubouzonsimonet.com\/index.php\/wp-json\/wp\/v2\/pages\/1569\/revisions"}],"predecessor-version":[{"id":1581,"href":"http:\/\/lyoubouzonsimonet.com\/index.php\/wp-json\/wp\/v2\/pages\/1569\/revisions\/1581"}],"wp:attachment":[{"href":"http:\/\/lyoubouzonsimonet.com\/index.php\/wp-json\/wp\/v2\/media?parent=1569"}],"curies":[{"name":"wp","href":"https:\/\/api.w.org\/{rel}","templated":true}]}}